{"id":4835,"date":"2022-10-28T14:19:41","date_gmt":"2022-10-28T12:19:41","guid":{"rendered":"https:\/\/www.hcconnectgrow.com\/?page_id=4835"},"modified":"2022-11-07T17:04:35","modified_gmt":"2022-11-07T15:04:35","slug":"geschaftsbedingungen","status":"publish","type":"page","link":"https:\/\/www.hcconnectgrow.com\/de\/geschaftsbedingungen\/","title":{"rendered":"Gesch\u00e4ftsbedingungen"},"content":{"rendered":"\t\t<div data-elementor-type=\"wp-page\" data-elementor-id=\"4835\" class=\"elementor elementor-4835 elementor-4834\">\n\t\t\t\t\t\t<div class=\"elementor-inner\">\n\t\t\t\t<div class=\"elementor-section-wrap\">\n\t\t\t\t\t\t\t\t\t<section class=\"elementor-section elementor-top-section elementor-element elementor-element-619102f2 elementor-section-boxed elementor-section-height-default elementor-section-height-default\" data-id=\"619102f2\" data-element_type=\"section\">\n\t\t\t\t\t\t<div class=\"elementor-container elementor-column-gap-default\">\n\t\t\t\t\t\t\t<div class=\"elementor-row\">\n\t\t\t\t\t<div class=\"aux-parallax-section elementor-column elementor-col-100 elementor-top-column elementor-element elementor-element-71e398bf\" data-id=\"71e398bf\" data-element_type=\"column\">\n\t\t\t<div class=\"elementor-column-wrap elementor-element-populated\">\n\t\t\t\t\t\t\t<div class=\"elementor-widget-wrap\">\n\t\t\t\t\t\t<div class=\"elementor-element elementor-element-60676f94 elementor-widget elementor-widget-text-editor\" data-id=\"60676f94\" data-element_type=\"widget\" data-widget_type=\"text-editor.default\">\n\t\t\t\t<div class=\"elementor-widget-container\">\n\t\t\t\t\t\t\t\t<div class=\"elementor-text-editor elementor-clearfix\">\n\t\t\t\t<h2>Rechte, Privilegien und Pflichten als Mitglied<\/h2><h3>Ziel der Gemeinschaft<\/h3><p>Dies ist in erster Linie eine Unternehmergemeinschaft. Daher sollten die Mitglieder aktiv in der Gesch\u00e4ftswelt auf Mallorca t\u00e4tig sein oder planen, dies in naher Zukunft zu tun.<\/p><p>Der Zweck von hc\/ Connect &amp; Grow ist es, die Interaktion zwischen den Mitgliedern und dem Unternehmen (abcMallorca Digital Media S.L.U), hier als Community bezeichnet, zu erleichtern, und zwar in Form von Networking-Veranstaltungen, der Bereitstellung von Lernerfahrungen f\u00fcr die berufliche Entwicklung und der Veranstaltung sozialer Aktivit\u00e4ten f\u00fcr die pers\u00f6nliche Entwicklung.<\/p><h3>Vorteile einer Mitgliedschaft:<\/h3><ul><li>Zugang zu hc\/ Connect &amp; Grow Mitgliederveranstaltungen &#8211; zus\u00e4tzliche Geb\u00fchren k\u00f6nnen anfallen.<\/li><li>Zugang und Nutzung der hc\/ Connect &amp; Grow-Mitgliederplattform.<\/li><\/ul><p>Alle durch diese Mitgliedschaftsvereinbarung erworbenen Privilegien k\u00f6nnen jederzeit durch eine schriftliche Mitteilung per E-Mail an die Mitglieder widerrufen oder ge\u00e4ndert werden.<\/p><h3>\u00d6ffentlich zug\u00e4ngliche Information<\/h3><p>Die Angaben des Mitglieds werden dokumentiert und \u00f6ffentlich zug\u00e4nglich gemacht (sofern nicht zum Zeitpunkt der Beantragung der Mitgliedschaft schriftlich anders angegeben) und k\u00f6nnen w\u00e4hrend der Laufzeit des Vertrags jederzeit aktualisiert oder ge\u00e4ndert werden.<\/p><p>Das Unternehmen geht davon aus, dass die Mitglieder dieser Business Community damit einverstanden sind, ihre Gesch\u00e4ftsinformationen wie oben beschrieben auf der hc\/Mitgliederplattform zu teilen. Wenn Sie nicht m\u00f6chten, dass diese Informationen zwischen den Mitgliedern ausgetauscht oder \u00f6ffentlich auf Websites angezeigt oder an zugelassene Dritte weitergegeben werden, teilen Sie dem Unternehmen bitte schriftlich mit, dass Sie die \u00f6ffentliche Weitergabe Ihrer gesch\u00e4ftlichen Kontaktdaten usw. nicht w\u00fcnschen.<\/p><p>Die Mitglieder sollten sich bewusst sein, dass bei Veranstaltungen der Gemeinschaft Video- und Fotoaufnahmen gemacht werden. Die Mitglieder und ihre G\u00e4ste m\u00fcssen bei der Buchung der Veranstaltung schriftlich mitteilen, wenn sie nicht w\u00fcnschen, dass ihr Bild in sp\u00e4teren visuellen Darstellungen \u00f6ffentlich gezeigt wird, die im \u00f6ffentlichen Bereich ver\u00f6ffentlicht werden.<\/p><p>Die Community verpflichtet sich, die Privatsph\u00e4re und die Sicherheit der privaten Informationen aller Mitglieder zu gew\u00e4hrleisten. Um einen unbefugten Zugriff oder eine unbefugte Offenlegung zu verhindern, hat das Unternehmen physische, elektronische und verwaltungstechnische Verfahren zum Schutz und zur Sicherheit aller von den Mitgliedern erfassten Informationen eingef\u00fchrt.<\/p><h3>Urheberrechte und Schutzrechte<\/h3><p>Das Unternehmen ist der alleinige Eigent\u00fcmer der Urheberrechte an der Mitgliederdatenbank und der Mitgliederplattform. Es ist nicht m\u00f6glich, die Liste an Dritte zu verkaufen, zu spammen oder zur Verf\u00fcgung zu stellen oder sich an unaufgeforderten Marketingaktivit\u00e4ten jeglicher Art zu beteiligen. Das Hinzuf\u00fcgen von Mitgliedern zu einer Abonnentenliste eines Dritten ohne die schriftliche Erlaubnis des Eigent\u00fcmers des Unternehmens und\/oder des Mitglieds\/der Mitglieder ist absolut verboten und w\u00fcrde die sofortige K\u00fcndigung der Mitgliedschaft bedeuten.<\/p><p>Das gesamte Material, das von den Mitgliedern auf der Mitgliederplattform ver\u00f6ffentlicht wird &#8211; Gespr\u00e4che, Fotos, Videos, Details zu Veranstaltungen usw. sowie Beratungsdokumente und Vorlagen, die auf der Plattform ver\u00f6ffentlicht oder den Mitgliedern in einem beliebigen Format zur Verf\u00fcgung gestellt werden &#8211; geh\u00f6rt ausschlie\u00dflich dem Unternehmen. Jegliche Vervielf\u00e4ltigung dieses Materials in jeglichem Format f\u00fchrt zur sofortigen K\u00fcndigung der Mitgliedschaft und zu einer eventuellen Entsch\u00e4digung f\u00fcr den dem Unternehmen entstandenen Schaden.<\/p><p>S\u00e4mtliche von dem Unternehmen und den Mitgliedern ver\u00f6ffentlichten Informationen sowie die auf der Mitgliederplattform, bei Veranstaltungen, Workshops, Retreats usw. verwendete Software sind urheberrechtlich gesch\u00fctzt. Alle diese Rechte sind dem Unternehmen vollst\u00e4ndig vorbehalten.<\/p><p>Die Nutzung, Vervielf\u00e4ltigung, Reproduktion oder Weitergabe von Informationen, die auf der Plattform des Mitglieds erstellt oder bei Veranstaltungen bereitgestellt werden, bedarf der schriftlichen Genehmigung durch den Eigent\u00fcmer des Unternehmens.<\/p><p>Jegliche Verletzung der hier dargelegten Rechte an gewerblichem Eigentum stellt einen Versto\u00df gegen die Mitgliedschaftsvereinbarung dar und f\u00fchrt zur sofortigen Beendigung der Mitgliedschaft und zum Ersatz der dem Unternehmen entstandenen Verluste und Sch\u00e4den.<\/p><h2><br \/>Laufzeit, K\u00fcndigung und Abonnement<\/h2><h3>Mitgliedschaft Abonnement<\/h3><p>Diese Mitgliedschaftsvereinbarung gilt, bis sie von einer der Parteien gek\u00fcndigt wird.<\/p><p>Die Mitgliedschaft hat eine Laufzeit von <strong>12 Monaten<\/strong> und verl\u00e4ngert sich automatisch f\u00fcr den gew\u00e4hlten Mitgliedschaftstyp einschlie\u00dflich m\u00f6glicher Erh\u00f6hungen des Jahresbeitrags.<\/p><p>Der Mitgliedsbeitrag ist j\u00e4hrlich per Kreditkarte zu zahlen.<\/p><p>Die H\u00f6he des Jahresbeitrags und zus\u00e4tzliche Geb\u00fchren k\u00f6nnen jederzeit ge\u00e4ndert werden, wenn die Mitglieder vorher schriftlich per E-Mail benachrichtigt werden.<\/p><p>Der Mitgliedsvertrag und der Mitgliedsbeitrag verl\u00e4ngern sich automatisch, wenn nicht eine der Parteien <strong>einen Monat<\/strong> vor dem Verl\u00e4ngerungsdatum schriftlich eine andere Anweisung erteilt.<\/p><p>Die Mitgliedschaft wird beendet, sobald ein Mitglied die Mitgliedschaftsbedingungen nicht mehr erf\u00fcllt.<\/p><p>Die Mitgliedschaft endet, wenn das Unternehmen Insolvenz anmeldet oder seine Gesch\u00e4ftst\u00e4tigkeit einstellt oder im Todesfall des Mitglieds.<\/p><p>Es ist nicht m\u00f6glich, die Mitgliedschaft in irgendeiner Weise auszusetzen oder zu pausieren. <\/p><h3>Verfahren zur Beantragung der Mitgliedschaft<\/h3><p>Eine Mitgliedschaft in der Gemeinschaft erfolgt auf Einladung oder Anfrage. Potenzielle Mitglieder werden zu einem Treffen mit einem Vertreter des Unternehmens eingeladen. Das potenzielle Mitglied erh\u00e4lt eine Pr\u00e4sentation \u00fcber die Gemeinschaft und einen \u00dcberblick \u00fcber die Bedingungen der Gemeinschaft. Nachdem das Antragsformular ordnungsgem\u00e4\u00df ausgef\u00fcllt und ein Gespr\u00e4ch gef\u00fchrt wurde, wird eine Entscheidung getroffen und der Antrag genehmigt oder abgelehnt. Sobald der Mitgliedsbeitrag f\u00fcr genehmigte Mitglieder eingegangen ist, wird die Mitgliedschaft gew\u00e4hrt.<\/p><p>Ein Antrag auf Mitgliedschaft ist auf den von der Gesellschaft zu diesem Zweck zur Verf\u00fcgung gestellten Formularen zu stellen, und mit der Einreichung eines Antrags \u00fcber die Plattform des Mitglieds erkl\u00e4rt sich dieses mit diesen Regeln einverstanden.<\/p><p>Die Mitglieder und das Unternehmen haben eine Probezeit von <strong>einem Monat<\/strong> ab dem offiziellen Beginn der Mitgliedschaft (dem Datum, an dem der Mitgliedsbeitrag beim Unternehmen eingeht), um die Mitgliedschaft zu k\u00fcndigen und eine vollst\u00e4ndige R\u00fcckerstattung zu erhalten\/zu leisten. Nach dieser anf\u00e4nglichen Probezeit wird keine Erstattung mehr gew\u00e4hrt.<\/p><p>Jedes Mitglied garantiert f\u00fcr die Richtigkeit der bereitgestellten Informationen.<\/p><p>Jedes Mitglied ist verpflichtet, das Unternehmen \u00fcber jede \u00c4nderung seiner Adresse oder seiner relevanten Informationen zu informieren. Das Mitglied ist allein daf\u00fcr verantwortlich, die von ihm ver\u00f6ffentlichten Informationen auf dem neuesten Stand zu halten, indem es dem Unternehmen mitteilt, wenn sich eine dieser Angaben \u00e4ndert.<\/p><p>Der Mitgliedsbeitrag ist innerhalb von <strong>10 Tagen<\/strong> nach Genehmigung des Mitgliedsantrags an die Gesellschaft zu zahlen.<\/p><p>Die Dauer der Mitgliedschaft betr\u00e4gt mindestens <strong>12 aufeinanderfolgende Monate<\/strong>.<\/p><p>Jedes Mitglied der Gemeinschaft muss mindestens <strong>achtzehn<\/strong> Jahre alt sein.<br \/>Die Mitgliedschaft ist nicht \u00fcbertragbar.<\/p><h3>Verhaltenskodex f\u00fcr Veranstaltungen<\/h3><p>Die Mitglieder verpflichten sich, den hier dargelegten Verhaltenskodex einzuhalten.<\/p><p>Jedes Mitglied, das sich nicht an den Verhaltenskodex h\u00e4lt, kann vom Unternehmen \u00fcberpr\u00fcft werden und gegebenenfalls seine Mitgliedschaft verlieren. Alle Entscheidungen sind endg\u00fcltig.<\/p><p>Die Mitglieder nehmen auf eigenes Risiko an Veranstaltungen teil. Das Unternehmen kann nicht f\u00fcr Unf\u00e4lle, Verletzungen oder Verluste verantwortlich gemacht werden, die durch die Teilnahme eines Mitglieds an einer im Namen der Gemeinschaft durchgef\u00fchrten Veranstaltung verursacht werden.<\/p><p>Bei Veranstaltungen, die von der Gemeinschaft durchgef\u00fchrt werden, m\u00fcssen die Mitglieder unter Umst\u00e4nden einen Personalausweis mit Foto vorlegen, wenn sie dazu aufgefordert werden.<\/p><p>Die Mitglieder und ihre G\u00e4ste \u00fcbernehmen die volle Verantwortung f\u00fcr die \u00dcberwachung und Sicherheit ihres Eigentums und ihrer Gegenst\u00e4nde. Jedes Mitglied und dessen Gast\/G\u00e4ste erkl\u00e4ren sich damit einverstanden, dass das Unternehmen nicht f\u00fcr Gegenst\u00e4nde oder Eigentum haftet oder f\u00fcr Anspr\u00fcche oder Kosten haftet, die aus dem Verlust oder der Besch\u00e4digung des Eigentums des Mitglieds oder des Gastes entstehen.<\/p><p>Alle Gegenst\u00e4nde, die nach einer Gemeinschaftsveranstaltung an einem Veranstaltungsort gefunden werden, werden f\u00fcr 28 Tage ab dem Funddatum im Fundb\u00fcro aufbewahrt und dann entsorgt.<\/p><p>Mobile Ger\u00e4te sollten w\u00e4hrend einer Veranstaltung <strong>immer auf LAUTLOS<\/strong> geschaltet sein. Von der Nutzung von Mobiltelefonen w\u00e4hrend einer Veranstaltung wird dringend <strong>abgeraten<\/strong>, da die Gemeinschaft Wert darauf legt, dass die Mitglieder w\u00e4hrend der Veranstaltungen voll anwesend und engagiert sind.<\/p><p>Das Unternehmen beh\u00e4lt sich das Recht vor, Mitgliedern oder deren G\u00e4sten den Zutritt zu verweigern oder sie auszuweisen, wenn das Unternehmen dies f\u00fcr angemessen h\u00e4lt.<\/p><p>Kein Mitglied darf Kunstwerke, Einrichtungsgegenst\u00e4nde oder sonstige Gegenst\u00e4nde, die dem Unternehmen geh\u00f6ren, entfernen, besch\u00e4digen oder zerst\u00f6ren. Verursacht ein Mitglied oder sein Gast den Verlust, die Besch\u00e4digung oder die Zerst\u00f6rung eines solchen Gegenstands, tr\u00e4gt das Mitglied die volle Verantwortung und wird mit den entsprechenden Kosten belastet.<\/p><p>Die Mitglieder akzeptieren, dass Gewalt jeglicher Art oder Beschimpfungen zwischen Mitgliedern oder ihren G\u00e4sten nicht geduldet werden. Bel\u00e4stigung, St\u00f6rung des Veranstaltungsablaufs und Ver\u00e4rgerung oder Unannehmlichkeiten f\u00fcr andere Mitglieder oder Mitarbeiter werden nicht akzeptiert.<\/p><p>Die Mitglieder verpflichten sich, das Personal jederzeit professionell und mit Respekt zu behandeln.<\/p><p>Bei allen Gemeinschaftsveranstaltungen sollte angemessene Kleidung getragen werden.<\/p><h3><strong><br \/>Es k\u00f6nnen Stornierungsgeb\u00fchren gem\u00e4\u00df den folgenden Bestimmungen anfallen:<br \/><\/strong><\/h3><p>Nur Reservierungen f\u00fcr die Teilnahme an Veranstaltungen, die vor der Veranstaltung vollst\u00e4ndig bezahlt wurden, sowie eine vom Unternehmen ausgestellte g\u00fcltige Buchungsbest\u00e4tigung werden als best\u00e4tigte Buchung betrachtet.<\/p><p>Um eine Buchung f\u00fcr eine Gemeinschaftsveranstaltung zu stornieren, m\u00fcssen die Mitglieder je nach Art der Veranstaltung mindestens <strong>48 Stunden<\/strong> oder in einigen F\u00e4llen 72 Stunden im Voraus eine E-Mail schicken. Wenn die schriftliche Stornierung nicht innerhalb der vorgeschriebenen Frist eingeht, besteht keine M\u00f6glichkeit, einen Gutschein f\u00fcr eine k\u00fcnftige Veranstaltung zu erhalten.<\/p><p>Im Falle einer Stornierung innerhalb des g\u00fcltigen Zeitrahmens wird ein Gutschein ausgestellt, der f\u00fcr die Teilnahme an einer zuk\u00fcnftigen Veranstaltung verwendet werden kann. Auch bei fristgerechter Stornierung wird kein Geld zur\u00fcckerstattet.<\/p><p>Wenn ein Mitglied einen Platz f\u00fcr eine Veranstaltung reserviert und bei drei verschiedenen Gelegenheiten nicht erscheint, werden keine weiteren Reservierungen von diesem Mitglied angenommen.<\/p><h3>G\u00c4STE der Mitglieder, die an Veranstaltungen teilnehmen<\/h3><p>Die Zulassung von G\u00e4sten zu Veranstaltungen, die von der Gemeinschaft organisiert werden, wird vom Unternehmen nach eigenem Ermessen entschieden.<br \/>Jedes Mitglied und sein(e) Gast(e) sind verpflichtet, die von der Gemeinschaft aufgestellten Verhaltensregeln zu beachten.<\/p><p>Die Mitglieder sind daf\u00fcr verantwortlich, dass die Geb\u00fchren, die f\u00fcr die Teilnahme an der Veranstaltung zu zahlen sind, vom Gast in voller H\u00f6he geleistet werden. Bei Nichtzahlung ist das Mitglied f\u00fcr die Zahlung des ausstehenden Betrags verantwortlich.<\/p><p>Die Mitglieder sind f\u00fcr ihre G\u00e4ste, die an Veranstaltungen teilnehmen, jederzeit verantwortlich.<\/p><p>Die Mitglieder sind daf\u00fcr verantwortlich, dass ihre G\u00e4ste vor, w\u00e4hrend und nach einer Veranstaltung von hc\/Connect &amp; Grow \u00fcber die Verhaltensregeln informiert sind.<\/p><h3>Mitteilungen<\/h3><p>Alle Mitteilungen im Zusammenhang mit dieser Mitgliedschaft werden in digitaler Form an die E-Mail-Adresse zugestellt, die vom Mitglied und dem Unternehmen angegeben wurde.<\/p><h3>Geltendes Recht<\/h3><p>Die Bestimmungen dieser Vereinbarung m\u00fcssen gem\u00e4\u00df den spanischen Gesetzen und der spanischen Gesetzgebung von den Gerichten in Palma de Mallorca gelesen, interpretiert und gekl\u00e4rt werden.<\/p>\t\t\t\t\t<\/div>\n\t\t\t\t\t\t<\/div>\n\t\t\t\t<\/div>\n\t\t\t\t\t\t<\/div>\n\t\t\t\t\t<\/div>\n\t\t<\/div>\n\t\t\t\t\t\t\t\t<\/div>\n\t\t\t\t\t<\/div>\n\t\t<\/section>\n\t\t\t\t\t\t\t\t\t<\/div>\n\t\t\t<\/div>\n\t\t\t\t\t<\/div>\n\t\t","protected":false},"excerpt":{"rendered":"<p>Rechte, Privilegien und Pflichten als Mitglied Ziel der Gemeinschaft Dies ist in erster Linie eine Unternehmergemeinschaft. Daher sollten die Mitglieder aktiv in der Gesch\u00e4ftswelt auf Mallorca t\u00e4tig sein oder planen, dies in naher Zukunft zu tun. Der Zweck von hc\/ Connect &amp; Grow ist es, die Interaktion zwischen den Mitgliedern und dem Unternehmen (abcMallorca Digital [&hellip;]<\/p>\n","protected":false},"author":1,"featured_media":0,"parent":0,"menu_order":0,"comment_status":"closed","ping_status":"closed","template":"","meta":[],"acf":[],"yoast_head":"<!-- This site is optimized with the Yoast SEO plugin v19.13 - https:\/\/yoast.com\/wordpress\/plugins\/seo\/ -->\n<title>Gesch\u00e4ftsbedingungen - hc\/ Connect &amp; Grow<\/title>\n<meta name=\"robots\" content=\"index, follow, max-snippet:-1, max-image-preview:large, max-video-preview:-1\" \/>\n<link rel=\"canonical\" href=\"https:\/\/www.hcconnectgrow.com\/de\/geschaftsbedingungen\/\" \/>\n<meta property=\"og:locale\" content=\"de_DE\" \/>\n<meta property=\"og:type\" content=\"article\" \/>\n<meta property=\"og:title\" content=\"Gesch\u00e4ftsbedingungen - hc\/ Connect &amp; Grow\" \/>\n<meta property=\"og:description\" content=\"Rechte, Privilegien und Pflichten als Mitglied Ziel der Gemeinschaft Dies ist in erster Linie eine Unternehmergemeinschaft. Daher sollten die Mitglieder aktiv in der Gesch\u00e4ftswelt auf Mallorca t\u00e4tig sein oder planen, dies in naher Zukunft zu tun. Der Zweck von hc\/ Connect &amp; Grow ist es, die Interaktion zwischen den Mitgliedern und dem Unternehmen (abcMallorca Digital [&hellip;]\" \/>\n<meta property=\"og:url\" content=\"https:\/\/www.hcconnectgrow.com\/de\/geschaftsbedingungen\/\" \/>\n<meta property=\"og:site_name\" content=\"hc\/ Connect &amp; Grow\" \/>\n<meta property=\"article:modified_time\" content=\"2022-11-07T15:04:35+00:00\" \/>\n<meta property=\"og:image\" content=\"https:\/\/www.hcconnectgrow.com\/wp-content\/uploads\/2021\/01\/helen-business-hub.jpg\" \/>\n\t<meta property=\"og:image:width\" content=\"1200\" \/>\n\t<meta property=\"og:image:height\" content=\"800\" \/>\n\t<meta property=\"og:image:type\" content=\"image\/jpeg\" \/>\n<meta name=\"twitter:card\" content=\"summary_large_image\" \/>\n<meta name=\"twitter:label1\" content=\"Gesch\u00e4tzte Lesezeit\" \/>\n\t<meta name=\"twitter:data1\" content=\"9\u00a0Minuten\" \/>\n<script type=\"application\/ld+json\" class=\"yoast-schema-graph\">{\"@context\":\"https:\/\/schema.org\",\"@graph\":[{\"@type\":\"WebPage\",\"@id\":\"https:\/\/www.hcconnectgrow.com\/de\/geschaftsbedingungen\/\",\"url\":\"https:\/\/www.hcconnectgrow.com\/de\/geschaftsbedingungen\/\",\"name\":\"Gesch\u00e4ftsbedingungen - hc\/ Connect &amp; Grow\",\"isPartOf\":{\"@id\":\"https:\/\/www.hcconnectgrow.com\/de\/#website\"},\"datePublished\":\"2022-10-28T12:19:41+00:00\",\"dateModified\":\"2022-11-07T15:04:35+00:00\",\"breadcrumb\":{\"@id\":\"https:\/\/www.hcconnectgrow.com\/de\/geschaftsbedingungen\/#breadcrumb\"},\"inLanguage\":\"de\",\"potentialAction\":[{\"@type\":\"ReadAction\",\"target\":[\"https:\/\/www.hcconnectgrow.com\/de\/geschaftsbedingungen\/\"]}]},{\"@type\":\"BreadcrumbList\",\"@id\":\"https:\/\/www.hcconnectgrow.com\/de\/geschaftsbedingungen\/#breadcrumb\",\"itemListElement\":[{\"@type\":\"ListItem\",\"position\":1,\"name\":\"Start\",\"item\":\"https:\/\/www.hcconnectgrow.com\/de\/\"},{\"@type\":\"ListItem\",\"position\":2,\"name\":\"Gesch\u00e4ftsbedingungen\"}]},{\"@type\":\"WebSite\",\"@id\":\"https:\/\/www.hcconnectgrow.com\/de\/#website\",\"url\":\"https:\/\/www.hcconnectgrow.com\/de\/\",\"name\":\"hc\/ Connect &amp; Grow\",\"description\":\"Grow your business faster &amp; easier with the right contacts and skills!\",\"publisher\":{\"@id\":\"https:\/\/www.hcconnectgrow.com\/de\/#organization\"},\"potentialAction\":[{\"@type\":\"SearchAction\",\"target\":{\"@type\":\"EntryPoint\",\"urlTemplate\":\"https:\/\/www.hcconnectgrow.com\/de\/?s={search_term_string}\"},\"query-input\":\"required name=search_term_string\"}],\"inLanguage\":\"de\"},{\"@type\":\"Organization\",\"@id\":\"https:\/\/www.hcconnectgrow.com\/de\/#organization\",\"name\":\"hc\/ Connect &amp; Grow\",\"url\":\"https:\/\/www.hcconnectgrow.com\/de\/\",\"logo\":{\"@type\":\"ImageObject\",\"inLanguage\":\"de\",\"@id\":\"https:\/\/www.hcconnectgrow.com\/de\/#\/schema\/logo\/image\/\",\"url\":\"https:\/\/www.hcconnectgrow.com\/wp-content\/uploads\/2022\/10\/helen-cummins-living-business-logo.png\",\"contentUrl\":\"https:\/\/www.hcconnectgrow.com\/wp-content\/uploads\/2022\/10\/helen-cummins-living-business-logo.png\",\"width\":508,\"height\":180,\"caption\":\"hc\/ Connect &amp; Grow\"},\"image\":{\"@id\":\"https:\/\/www.hcconnectgrow.com\/de\/#\/schema\/logo\/image\/\"}}]}<\/script>\n<!-- \/ Yoast SEO plugin. -->","yoast_head_json":{"title":"Gesch\u00e4ftsbedingungen - hc\/ Connect &amp; Grow","robots":{"index":"index","follow":"follow","max-snippet":"max-snippet:-1","max-image-preview":"max-image-preview:large","max-video-preview":"max-video-preview:-1"},"canonical":"https:\/\/www.hcconnectgrow.com\/de\/geschaftsbedingungen\/","og_locale":"de_DE","og_type":"article","og_title":"Gesch\u00e4ftsbedingungen - hc\/ Connect &amp; Grow","og_description":"Rechte, Privilegien und Pflichten als Mitglied Ziel der Gemeinschaft Dies ist in erster Linie eine Unternehmergemeinschaft. Daher sollten die Mitglieder aktiv in der Gesch\u00e4ftswelt auf Mallorca t\u00e4tig sein oder planen, dies in naher Zukunft zu tun. Der Zweck von hc\/ Connect &amp; Grow ist es, die Interaktion zwischen den Mitgliedern und dem Unternehmen (abcMallorca Digital [&hellip;]","og_url":"https:\/\/www.hcconnectgrow.com\/de\/geschaftsbedingungen\/","og_site_name":"hc\/ Connect &amp; Grow","article_modified_time":"2022-11-07T15:04:35+00:00","og_image":[{"width":1200,"height":800,"url":"https:\/\/www.hcconnectgrow.com\/wp-content\/uploads\/2021\/01\/helen-business-hub.jpg","type":"image\/jpeg"}],"twitter_card":"summary_large_image","twitter_misc":{"Gesch\u00e4tzte Lesezeit":"9\u00a0Minuten"},"schema":{"@context":"https:\/\/schema.org","@graph":[{"@type":"WebPage","@id":"https:\/\/www.hcconnectgrow.com\/de\/geschaftsbedingungen\/","url":"https:\/\/www.hcconnectgrow.com\/de\/geschaftsbedingungen\/","name":"Gesch\u00e4ftsbedingungen - hc\/ Connect &amp; Grow","isPartOf":{"@id":"https:\/\/www.hcconnectgrow.com\/de\/#website"},"datePublished":"2022-10-28T12:19:41+00:00","dateModified":"2022-11-07T15:04:35+00:00","breadcrumb":{"@id":"https:\/\/www.hcconnectgrow.com\/de\/geschaftsbedingungen\/#breadcrumb"},"inLanguage":"de","potentialAction":[{"@type":"ReadAction","target":["https:\/\/www.hcconnectgrow.com\/de\/geschaftsbedingungen\/"]}]},{"@type":"BreadcrumbList","@id":"https:\/\/www.hcconnectgrow.com\/de\/geschaftsbedingungen\/#breadcrumb","itemListElement":[{"@type":"ListItem","position":1,"name":"Start","item":"https:\/\/www.hcconnectgrow.com\/de\/"},{"@type":"ListItem","position":2,"name":"Gesch\u00e4ftsbedingungen"}]},{"@type":"WebSite","@id":"https:\/\/www.hcconnectgrow.com\/de\/#website","url":"https:\/\/www.hcconnectgrow.com\/de\/","name":"hc\/ Connect &amp; Grow","description":"Grow your business faster &amp; easier with the right contacts and skills!","publisher":{"@id":"https:\/\/www.hcconnectgrow.com\/de\/#organization"},"potentialAction":[{"@type":"SearchAction","target":{"@type":"EntryPoint","urlTemplate":"https:\/\/www.hcconnectgrow.com\/de\/?s={search_term_string}"},"query-input":"required name=search_term_string"}],"inLanguage":"de"},{"@type":"Organization","@id":"https:\/\/www.hcconnectgrow.com\/de\/#organization","name":"hc\/ Connect &amp; Grow","url":"https:\/\/www.hcconnectgrow.com\/de\/","logo":{"@type":"ImageObject","inLanguage":"de","@id":"https:\/\/www.hcconnectgrow.com\/de\/#\/schema\/logo\/image\/","url":"https:\/\/www.hcconnectgrow.com\/wp-content\/uploads\/2022\/10\/helen-cummins-living-business-logo.png","contentUrl":"https:\/\/www.hcconnectgrow.com\/wp-content\/uploads\/2022\/10\/helen-cummins-living-business-logo.png","width":508,"height":180,"caption":"hc\/ Connect &amp; Grow"},"image":{"@id":"https:\/\/www.hcconnectgrow.com\/de\/#\/schema\/logo\/image\/"}}]}},"_links":{"self":[{"href":"https:\/\/www.hcconnectgrow.com\/de\/wp-json\/wp\/v2\/pages\/4835"}],"collection":[{"href":"https:\/\/www.hcconnectgrow.com\/de\/wp-json\/wp\/v2\/pages"}],"about":[{"href":"https:\/\/www.hcconnectgrow.com\/de\/wp-json\/wp\/v2\/types\/page"}],"author":[{"embeddable":true,"href":"https:\/\/www.hcconnectgrow.com\/de\/wp-json\/wp\/v2\/users\/1"}],"replies":[{"embeddable":true,"href":"https:\/\/www.hcconnectgrow.com\/de\/wp-json\/wp\/v2\/comments?post=4835"}],"version-history":[{"count":5,"href":"https:\/\/www.hcconnectgrow.com\/de\/wp-json\/wp\/v2\/pages\/4835\/revisions"}],"predecessor-version":[{"id":4968,"href":"https:\/\/www.hcconnectgrow.com\/de\/wp-json\/wp\/v2\/pages\/4835\/revisions\/4968"}],"wp:attachment":[{"href":"https:\/\/www.hcconnectgrow.com\/de\/wp-json\/wp\/v2\/media?parent=4835"}],"curies":[{"name":"wp","href":"https:\/\/api.w.org\/{rel}","templated":true}]}}