{"id":4836,"date":"2022-10-28T14:06:57","date_gmt":"2022-10-28T12:06:57","guid":{"rendered":"https:\/\/www.hcconnectgrow.com\/?page_id=4836"},"modified":"2022-10-28T14:18:17","modified_gmt":"2022-10-28T12:18:17","slug":"terminos-condiciones","status":"publish","type":"page","link":"https:\/\/www.hcconnectgrow.com\/es\/terminos-condiciones\/","title":{"rendered":"T\u00e9rminos y condiciones"},"content":{"rendered":"\t\t<div data-elementor-type=\"wp-page\" data-elementor-id=\"4836\" class=\"elementor elementor-4836 elementor-4834\">\n\t\t\t\t\t\t<div class=\"elementor-inner\">\n\t\t\t\t<div class=\"elementor-section-wrap\">\n\t\t\t\t\t\t\t\t\t<section class=\"elementor-section elementor-top-section elementor-element elementor-element-619102f2 elementor-section-boxed elementor-section-height-default elementor-section-height-default\" data-id=\"619102f2\" data-element_type=\"section\">\n\t\t\t\t\t\t<div class=\"elementor-container elementor-column-gap-default\">\n\t\t\t\t\t\t\t<div class=\"elementor-row\">\n\t\t\t\t\t<div class=\"aux-parallax-section elementor-column elementor-col-100 elementor-top-column elementor-element elementor-element-71e398bf\" data-id=\"71e398bf\" data-element_type=\"column\">\n\t\t\t<div class=\"elementor-column-wrap elementor-element-populated\">\n\t\t\t\t\t\t\t<div class=\"elementor-widget-wrap\">\n\t\t\t\t\t\t<div class=\"elementor-element elementor-element-60676f94 elementor-widget elementor-widget-text-editor\" data-id=\"60676f94\" data-element_type=\"widget\" data-widget_type=\"text-editor.default\">\n\t\t\t\t<div class=\"elementor-widget-container\">\n\t\t\t\t\t\t\t\t<div class=\"elementor-text-editor elementor-clearfix\">\n\t\t\t\t<h2>Derechos, privilegios y obligaciones de los miembros<\/h2><h3>Objetivo de la Comunidad<\/h3><p>Esta es, ante todo, una comunidad de negocios. Por lo tanto, los miembros deben participar activamente en los negocios en Mallorca o planear hacerlo en un futuro pr\u00f3ximo.<\/p><p>El prop\u00f3sito de hc\/ Connect &amp; Grow es facilitar la interacci\u00f3n entre los miembros y la Compa\u00f1\u00eda (abcMallorca Digital Media S.L.U), descrita aqu\u00ed como la Comunidad, en t\u00e9rminos de eventos de networking, proporcionando experiencias de aprendizaje para el desarrollo profesional y acogiendo actividades sociales para el desarrollo personal.<\/p><h3>Beneficios de la membres\u00eda:<\/h3><ul><li>Acceso a los eventos organizados por hc\/ Connect &amp; Grow Members&#8217; Events &#8211; pueden aplicarse tarifas adicionales.<\/li><li>Acceso y uso de la plataforma de miembros de hc\/ Connect &amp; Grow.<\/li><\/ul><p>Todos y cada uno de los privilegios de la membres\u00eda obtenidos a trav\u00e9s de este acuerdo de membres\u00eda pueden ser revocados o cambiados en cualquier momento con previo aviso por escrito por correo electr\u00f3nico a los miembros.<\/p><h3>Informaci\u00f3n compartida p\u00fablicamente<\/h3><p>La informaci\u00f3n de los miembros ser\u00e1 documentada y puesta a disposici\u00f3n del p\u00fablico (a menos que se indique lo contrario por escrito en el momento de la solicitud para convertirse en miembro) y podr\u00e1 ser actualizada o modificada en cualquier momento durante la vigencia del acuerdo.\u2028\u2028La empresa da por sentado que los miembros de esta comunidad empresarial est\u00e1n de acuerdo en compartir la informaci\u00f3n de su negocio tal y como se ha indicado anteriormente en la plataforma de miembros de hc. Si no desea que esta informaci\u00f3n se comparta entre los miembros o se muestre p\u00fablicamente en sitios web o se proporcione a terceros aprobados, comunique a la Empresa por escrito que no desea que los datos de contacto de su empresa, etc., se compartan p\u00fablicamente.<\/p><p>Los afiliados deben ser conscientes de que se tomar\u00e1n v\u00eddeos y fotograf\u00edas en los eventos comunitarios. Los miembros y sus invitados deben avisar por escrito en el momento de reservar el evento si no desean que su imagen se muestre en p\u00fablico en las im\u00e1genes visuales posteriores que se difundan en el dominio p\u00fablico.<\/p><p>La Comunidad se compromete a garantizar la privacidad y la seguridad de la informaci\u00f3n privada de todos los miembros. Para evitar el acceso o la divulgaci\u00f3n no autorizados, la empresa ha puesto en marcha procedimientos f\u00edsicos, electr\u00f3nicos y de gesti\u00f3n para salvaguardar y asegurar toda la informaci\u00f3n recogida de los miembros.<\/p><h3>Derechos de propiedad intelectual<\/h3><p>La empresa es la \u00fanica propietaria de todos los derechos de propiedad intelectual de la base de datos de miembros y de la plataforma de miembros. No es posible &#8220;vender, enviar spam o proporcionar la lista a un tercero o participar en cualquier tipo de actividades de marketing no solicitadas. Por ejemplo, a\u00f1adir miembros a una lista de suscriptores de terceros sin el permiso por escrito del propietario de la empresa y\/o el\/los miembro\/s est\u00e1 totalmente prohibido y significar\u00eda la cancelaci\u00f3n de la membres\u00eda con efecto inmediato.<\/p><p>Todo el material publicado en la plataforma por los miembros &#8211; conversaciones, fotos, v\u00eddeos, detalles de eventos, etc. adem\u00e1s de los documentos de asesoramiento, y las plantillas publicadas en la plataforma o entregadas a los miembros en cualquier formato pertenecen exclusivamente a la Empresa. Cualquier reproducci\u00f3n de este material en cualquier formato supondr\u00e1 la cancelaci\u00f3n inmediata de la membres\u00eda y la posible compensaci\u00f3n por los da\u00f1os causados a la Empresa.<\/p><p>Toda la informaci\u00f3n publicada por la Empresa y los miembros, as\u00ed como el software utilizado en la plataforma de miembros, en los eventos, talleres, retiros, etc. est\u00e1 protegida por las leyes de derechos de autor. Todos estos derechos est\u00e1n plenamente reservados por la Empresa.<\/p><p>Para utilizar, copiar, reproducir o redistribuir de cualquier manera la informaci\u00f3n producida en la plataforma de miembros o proporcionada en los eventos alojados &#8211; se requiere el permiso por escrito del propietario de la Compa\u00f1\u00eda.<\/p><p>Cualquier violaci\u00f3n de los derechos de propiedad intelectual aqu\u00ed expuestos constituye un incumplimiento del Acuerdo de Afiliaci\u00f3n y supondr\u00e1 la cancelaci\u00f3n inmediata de la afiliaci\u00f3n y se solicitar\u00e1 una compensaci\u00f3n por las p\u00e9rdidas y da\u00f1os causados a la Empresa.<\/p><h2><br \/>Duraci\u00f3n, rescisi\u00f3n y suscripci\u00f3n<\/h2><h3>Suscripci\u00f3n de la afiliaci\u00f3n<\/h3><p>El presente acuerdo de afiliaci\u00f3n se mantendr\u00e1 hasta que sea rescindido por cualquiera de las partes.<\/p><p>La afiliaci\u00f3n tiene una duraci\u00f3n de <strong>12 meses<\/strong> y se renueva autom\u00e1ticamente para el tipo de afiliaci\u00f3n seleccionado, incluyendo cualquier aumento de la cuota anual.<\/p><p>La cuota de afiliaci\u00f3n se paga anualmente con tarjeta de cr\u00e9dito.<\/p><p>La suscripci\u00f3n anual y cualquier cuota adicional pueden cambiar en cualquier momento, previo aviso por escrito a los miembros por correo electr\u00f3nico.<\/p><p>El contrato de afiliaci\u00f3n y la cuota se renuevan autom\u00e1ticamente, a menos que cualquiera de las partes indique lo contrario por escrito <strong>un mes<\/strong> antes de la fecha de renovaci\u00f3n.<\/p><p>La afiliaci\u00f3n cesar\u00e1 si el miembro no cumple con los t\u00e9rminos y condiciones de la afiliaci\u00f3n.<\/p><p>La afiliaci\u00f3n cesar\u00e1 si la empresa se declara en quiebra o cesa su actividad o en caso de fallecimiento del afiliado.<\/p><p>No es posible suspender o pausar la afiliaci\u00f3n de ninguna manera. <\/p><h3>Proceso de solicitud de afiliaci\u00f3n<\/h3><p>La afiliaci\u00f3n a la Comunidad se realiza por invitaci\u00f3n o consulta. Los posibles miembros ser\u00e1n invitados a reunirse con un representante de la empresa. El futuro miembro recibir\u00e1 una presentaci\u00f3n sobre la Comunidad y un resumen de las condiciones de la misma. Una vez cumplimentado el formulario de solicitud y realizada una entrevista, se tomar\u00e1 una decisi\u00f3n y se aprobar\u00e1 o rechazar\u00e1 la solicitud. Una vez procesada la cuota de los miembros aprobados, se conceder\u00e1 la afiliaci\u00f3n.<\/p><p>La solicitud de afiliaci\u00f3n debe realizarse en los formularios facilitados por la Sociedad a tal efecto, por lo que al presentar una solicitud desde la Plataforma de Socios se est\u00e1 de acuerdo con estas normas.<br \/>Los miembros y la Empresa tienen un per\u00edodo de prueba de <strong>1 mes<\/strong> a partir de la fecha oficial de inicio de la afiliaci\u00f3n (la fecha en que la Empresa recibe la cuota de suscripci\u00f3n) para cancelar la afiliaci\u00f3n y recibir\/proporcionar un reembolso completo. Despu\u00e9s de este periodo de prueba inicial, no se conceder\u00e1 ning\u00fan reembolso.<\/p><p>Cada miembro garantiza la exactitud de la informaci\u00f3n proporcionada.<\/p><p>Cada miembro deber\u00e1 avisar a la empresa de cualquier cambio de su direcci\u00f3n o informaci\u00f3n relevante. El afiliado es el \u00fanico responsable de mantener actualizada la informaci\u00f3n que ha publicado, notificando a la Sociedad cuando cambie alguno de estos datos.<\/p><p>La cuota de afiliaci\u00f3n se abonar\u00e1 a la Sociedad en los <strong>10 d\u00edas<\/strong> siguientes a la aprobaci\u00f3n de la solicitud de afiliaci\u00f3n.<\/p><p><br \/>La duraci\u00f3n de la afiliaci\u00f3n es de un periodo m\u00ednimo de <strong>12 meses<\/strong> consecutivos.\u2028\u2028<\/p><p>Cada miembro de la Comunidad deber\u00e1 tener al menos dieciocho a\u00f1os de edad.<\/p><p>La afiliaci\u00f3n es intransferible.<\/p><h3>C\u00f3digo de conducta en los actos organizados<\/h3><p>Los miembros se comprometen a respetar el C\u00f3digo de Conducta aqu\u00ed expuesto.<\/p><p>Cualquier miembro que no cumpla con el C\u00f3digo de Conducta puede hacer que su membres\u00eda sea revisada por la Compa\u00f1\u00eda y posiblemente se le cancele su membres\u00eda. Todas las decisiones son definitivas.<br \/>Los socios asisten a los eventos bajo su propia responsabilidad. La Sociedad no se hace responsable de los accidentes, lesiones o p\u00e9rdidas sufridas por los afiliados que asistan a un acto organizado por la Comunidad.<\/p><p>A su llegada a los actos organizados por la Comunidad, los afiliados deber\u00e1n presentar un documento de identidad con fotograf\u00eda si se les solicita.<\/p><p>\u2028Los miembros y sus invitados ser\u00e1n plenamente responsables de la seguridad de sus pertenencias y bienes. Los socios y sus invitados aceptan que la empresa no ser\u00e1 responsable de ninguna pertenencia o propiedad, ni de ninguna reclamaci\u00f3n o gasto que resulte de la p\u00e9rdida o el da\u00f1o de la propiedad del socio o del invitado.<\/p><p>\u2028Todos los objetos encontrados en un local despu\u00e9s de un evento comunitario se guardar\u00e1n en el almac\u00e9n de objetos perdidos, que se mantendr\u00e1 durante 28 d\u00edas a partir de la fecha en que se encontraron y luego se eliminar\u00e1n.<\/p><p>Los dispositivos m\u00f3viles deben estar en <strong>SILENCIO<\/strong> en todo momento durante un evento. Se desaconseja encarecidamente el uso de tel\u00e9fonos m\u00f3viles durante un evento, ya que la Comunidad valora que los miembros est\u00e9n totalmente presentes y comprometidos durante los eventos.<\/p><p>La empresa se reserva el derecho de admisi\u00f3n o de expulsar a los miembros o a sus invitados si lo considera oportuno.<\/p><p>Ning\u00fan socio podr\u00e1 retirar, da\u00f1ar o destruir ninguna obra de arte, mobiliario o cualquier otro art\u00edculo perteneciente a la Sociedad. Si un socio o su invitado causan la p\u00e9rdida, el da\u00f1o o la destrucci\u00f3n de cualquiera de estos bienes, el socio ser\u00e1 plenamente responsable y se le cobrar\u00e1 el coste correspondiente.<br \/>Los socios aceptan que no se tolerar\u00e1 ning\u00fan tipo de violencia o lenguaje abusivo entre los socios o sus invitados. No se aceptar\u00e1 que los socios molesten, interrumpan el desarrollo de los eventos y causen molestias o inconvenientes a otros socios o al personal.<br \/>Los socios se comprometen a tratar al personal con profesionalidad y respeto en todo momento.<\/p><p>En todos los actos de la Comunidad se debe llevar una vestimenta adecuada. <\/p><h3><strong>Pueden aplicarse tasas de cancelaci\u00f3n seg\u00fan lo siguiente:<br \/><\/strong><\/h3><p>S\u00f3lo se considerar\u00e1n reservas confirmadas para asistir a eventos que se paguen en su totalidad antes de que se celebre el evento y una confirmaci\u00f3n de reserva v\u00e1lida emitida por la Empresa.<\/p><p>Para cancelar una reserva para un evento comunitario, los miembros deben enviar un correo electr\u00f3nico con al menos <strong>48 horas<\/strong> de antelaci\u00f3n o, en algunos casos, con 72 horas de antelaci\u00f3n, dependiendo del tipo de evento. Si no se recibe la cancelaci\u00f3n por escrito dentro del periodo de cancelaci\u00f3n requerido, no habr\u00e1 posibilidad de recibir un vale para utilizarlo en un evento futuro.<\/p><p>En el caso de una cancelaci\u00f3n dentro del plazo v\u00e1lido, se emitir\u00e1 un vale que podr\u00e1 utilizarse para pagar la asistencia a un evento futuro. No se efectuar\u00e1 ning\u00fan reembolso monetario aunque la cancelaci\u00f3n se realice dentro del plazo establecido.<\/p><p>Si un socio reserva una plaza en un evento y no se presenta en 3 ocasiones distintas, no se aceptar\u00e1n m\u00e1s reservas por parte del socio.<\/p><h3>Invitados de los socios que asisten a los eventos organizados<\/h3><p>En ocasiones, se admitir\u00e1n invitados a los actos organizados por la Comunidad a discreci\u00f3n de la empresa.<\/p><p>Los socios y sus invitados deber\u00e1n respetar los c\u00f3digos de conducta establecidos por la Comunidad.<br \/>El miembro es responsable de garantizar que el invitado pague la totalidad de las tarifas aplicables para asistir al evento. En caso de no ser abonada, el miembro ser\u00e1 responsable de pagar el importe pendiente.<\/p><p>Los miembros ser\u00e1n responsables de que sus invitados asistan a los eventos en todo momento.<\/p><p>Los miembros son responsables de garantizar que sus invitados conozcan los C\u00f3digos de Conducta antes, durante y despu\u00e9s de un evento organizado por hc\/ Connect &amp; Grow.<\/p><h3>Avisos<\/h3><p>Todas y cada una de las comunicaciones relacionadas con este acuerdo de afiliaci\u00f3n se enviar\u00e1n por v\u00eda digital a la direcci\u00f3n de correo electr\u00f3nico proporcionada por el Socio y la Empresa.<\/p><h3>Ley aplicable<\/h3><p>Las disposiciones de este acuerdo deben ser le\u00eddas, interpretadas y aclaradas de acuerdo con las leyes y la legislaci\u00f3n espa\u00f1ola en los tribunales de Palma de Mallorca.<\/p>\t\t\t\t\t<\/div>\n\t\t\t\t\t\t<\/div>\n\t\t\t\t<\/div>\n\t\t\t\t\t\t<\/div>\n\t\t\t\t\t<\/div>\n\t\t<\/div>\n\t\t\t\t\t\t\t\t<\/div>\n\t\t\t\t\t<\/div>\n\t\t<\/section>\n\t\t\t\t\t\t\t\t\t<\/div>\n\t\t\t<\/div>\n\t\t\t\t\t<\/div>\n\t\t","protected":false},"excerpt":{"rendered":"<p>Derechos, privilegios y obligaciones de los miembros Objetivo de la Comunidad Esta es, ante todo, una comunidad de negocios. Por lo tanto, los miembros deben participar activamente en los negocios en Mallorca o planear hacerlo en un futuro pr\u00f3ximo. El prop\u00f3sito de hc\/ Connect &amp; Grow es facilitar la interacci\u00f3n entre los miembros y la [&hellip;]<\/p>\n","protected":false},"author":1,"featured_media":0,"parent":0,"menu_order":0,"comment_status":"closed","ping_status":"closed","template":"","meta":[],"acf":[],"yoast_head":"<!-- This site is optimized with the Yoast SEO plugin v19.13 - https:\/\/yoast.com\/wordpress\/plugins\/seo\/ -->\n<title>T\u00e9rminos y condiciones - hc\/ Connect &amp; Grow<\/title>\n<meta name=\"robots\" content=\"index, follow, max-snippet:-1, max-image-preview:large, max-video-preview:-1\" \/>\n<link rel=\"canonical\" href=\"https:\/\/www.hcconnectgrow.com\/es\/terminos-condiciones\/\" \/>\n<meta property=\"og:locale\" content=\"es_ES\" \/>\n<meta property=\"og:type\" content=\"article\" \/>\n<meta property=\"og:title\" content=\"T\u00e9rminos y condiciones - hc\/ Connect &amp; Grow\" \/>\n<meta property=\"og:description\" content=\"Derechos, privilegios y obligaciones de los miembros Objetivo de la Comunidad Esta es, ante todo, una comunidad de negocios. Por lo tanto, los miembros deben participar activamente en los negocios en Mallorca o planear hacerlo en un futuro pr\u00f3ximo. El prop\u00f3sito de hc\/ Connect &amp; Grow es facilitar la interacci\u00f3n entre los miembros y la [&hellip;]\" \/>\n<meta property=\"og:url\" content=\"https:\/\/www.hcconnectgrow.com\/es\/terminos-condiciones\/\" \/>\n<meta property=\"og:site_name\" content=\"hc\/ Connect &amp; Grow\" \/>\n<meta property=\"article:modified_time\" content=\"2022-10-28T12:18:17+00:00\" \/>\n<meta property=\"og:image\" content=\"https:\/\/www.hcconnectgrow.com\/wp-content\/uploads\/2021\/01\/helen-business-hub.jpg\" \/>\n\t<meta property=\"og:image:width\" content=\"1200\" \/>\n\t<meta property=\"og:image:height\" content=\"800\" \/>\n\t<meta property=\"og:image:type\" content=\"image\/jpeg\" \/>\n<meta name=\"twitter:card\" content=\"summary_large_image\" \/>\n<meta name=\"twitter:label1\" content=\"Tiempo de lectura\" \/>\n\t<meta name=\"twitter:data1\" content=\"9 minutos\" \/>\n<script type=\"application\/ld+json\" class=\"yoast-schema-graph\">{\"@context\":\"https:\/\/schema.org\",\"@graph\":[{\"@type\":\"WebPage\",\"@id\":\"https:\/\/www.hcconnectgrow.com\/es\/terminos-condiciones\/\",\"url\":\"https:\/\/www.hcconnectgrow.com\/es\/terminos-condiciones\/\",\"name\":\"T\u00e9rminos y condiciones - hc\/ Connect &amp; Grow\",\"isPartOf\":{\"@id\":\"https:\/\/www.hcconnectgrow.com\/es\/#website\"},\"datePublished\":\"2022-10-28T12:06:57+00:00\",\"dateModified\":\"2022-10-28T12:18:17+00:00\",\"breadcrumb\":{\"@id\":\"https:\/\/www.hcconnectgrow.com\/es\/terminos-condiciones\/#breadcrumb\"},\"inLanguage\":\"es\",\"potentialAction\":[{\"@type\":\"ReadAction\",\"target\":[\"https:\/\/www.hcconnectgrow.com\/es\/terminos-condiciones\/\"]}]},{\"@type\":\"BreadcrumbList\",\"@id\":\"https:\/\/www.hcconnectgrow.com\/es\/terminos-condiciones\/#breadcrumb\",\"itemListElement\":[{\"@type\":\"ListItem\",\"position\":1,\"name\":\"Inicio\",\"item\":\"https:\/\/www.hcconnectgrow.com\/es\/\"},{\"@type\":\"ListItem\",\"position\":2,\"name\":\"T\u00e9rminos y condiciones\"}]},{\"@type\":\"WebSite\",\"@id\":\"https:\/\/www.hcconnectgrow.com\/es\/#website\",\"url\":\"https:\/\/www.hcconnectgrow.com\/es\/\",\"name\":\"hc\/ Connect &amp; Grow\",\"description\":\"Grow your business faster &amp; easier with the right contacts and skills!\",\"publisher\":{\"@id\":\"https:\/\/www.hcconnectgrow.com\/es\/#organization\"},\"potentialAction\":[{\"@type\":\"SearchAction\",\"target\":{\"@type\":\"EntryPoint\",\"urlTemplate\":\"https:\/\/www.hcconnectgrow.com\/es\/?s={search_term_string}\"},\"query-input\":\"required name=search_term_string\"}],\"inLanguage\":\"es\"},{\"@type\":\"Organization\",\"@id\":\"https:\/\/www.hcconnectgrow.com\/es\/#organization\",\"name\":\"hc\/ Connect &amp; Grow\",\"url\":\"https:\/\/www.hcconnectgrow.com\/es\/\",\"logo\":{\"@type\":\"ImageObject\",\"inLanguage\":\"es\",\"@id\":\"https:\/\/www.hcconnectgrow.com\/es\/#\/schema\/logo\/image\/\",\"url\":\"https:\/\/www.hcconnectgrow.com\/wp-content\/uploads\/2022\/10\/helen-cummins-living-business-logo.png\",\"contentUrl\":\"https:\/\/www.hcconnectgrow.com\/wp-content\/uploads\/2022\/10\/helen-cummins-living-business-logo.png\",\"width\":508,\"height\":180,\"caption\":\"hc\/ Connect &amp; Grow\"},\"image\":{\"@id\":\"https:\/\/www.hcconnectgrow.com\/es\/#\/schema\/logo\/image\/\"}}]}<\/script>\n<!-- \/ Yoast SEO plugin. -->","yoast_head_json":{"title":"T\u00e9rminos y condiciones - hc\/ Connect &amp; Grow","robots":{"index":"index","follow":"follow","max-snippet":"max-snippet:-1","max-image-preview":"max-image-preview:large","max-video-preview":"max-video-preview:-1"},"canonical":"https:\/\/www.hcconnectgrow.com\/es\/terminos-condiciones\/","og_locale":"es_ES","og_type":"article","og_title":"T\u00e9rminos y condiciones - hc\/ Connect &amp; Grow","og_description":"Derechos, privilegios y obligaciones de los miembros Objetivo de la Comunidad Esta es, ante todo, una comunidad de negocios. Por lo tanto, los miembros deben participar activamente en los negocios en Mallorca o planear hacerlo en un futuro pr\u00f3ximo. El prop\u00f3sito de hc\/ Connect &amp; Grow es facilitar la interacci\u00f3n entre los miembros y la [&hellip;]","og_url":"https:\/\/www.hcconnectgrow.com\/es\/terminos-condiciones\/","og_site_name":"hc\/ Connect &amp; Grow","article_modified_time":"2022-10-28T12:18:17+00:00","og_image":[{"width":1200,"height":800,"url":"https:\/\/www.hcconnectgrow.com\/wp-content\/uploads\/2021\/01\/helen-business-hub.jpg","type":"image\/jpeg"}],"twitter_card":"summary_large_image","twitter_misc":{"Tiempo de lectura":"9 minutos"},"schema":{"@context":"https:\/\/schema.org","@graph":[{"@type":"WebPage","@id":"https:\/\/www.hcconnectgrow.com\/es\/terminos-condiciones\/","url":"https:\/\/www.hcconnectgrow.com\/es\/terminos-condiciones\/","name":"T\u00e9rminos y condiciones - hc\/ Connect &amp; Grow","isPartOf":{"@id":"https:\/\/www.hcconnectgrow.com\/es\/#website"},"datePublished":"2022-10-28T12:06:57+00:00","dateModified":"2022-10-28T12:18:17+00:00","breadcrumb":{"@id":"https:\/\/www.hcconnectgrow.com\/es\/terminos-condiciones\/#breadcrumb"},"inLanguage":"es","potentialAction":[{"@type":"ReadAction","target":["https:\/\/www.hcconnectgrow.com\/es\/terminos-condiciones\/"]}]},{"@type":"BreadcrumbList","@id":"https:\/\/www.hcconnectgrow.com\/es\/terminos-condiciones\/#breadcrumb","itemListElement":[{"@type":"ListItem","position":1,"name":"Inicio","item":"https:\/\/www.hcconnectgrow.com\/es\/"},{"@type":"ListItem","position":2,"name":"T\u00e9rminos y condiciones"}]},{"@type":"WebSite","@id":"https:\/\/www.hcconnectgrow.com\/es\/#website","url":"https:\/\/www.hcconnectgrow.com\/es\/","name":"hc\/ Connect &amp; Grow","description":"Grow your business faster &amp; easier with the right contacts and skills!","publisher":{"@id":"https:\/\/www.hcconnectgrow.com\/es\/#organization"},"potentialAction":[{"@type":"SearchAction","target":{"@type":"EntryPoint","urlTemplate":"https:\/\/www.hcconnectgrow.com\/es\/?s={search_term_string}"},"query-input":"required name=search_term_string"}],"inLanguage":"es"},{"@type":"Organization","@id":"https:\/\/www.hcconnectgrow.com\/es\/#organization","name":"hc\/ Connect &amp; Grow","url":"https:\/\/www.hcconnectgrow.com\/es\/","logo":{"@type":"ImageObject","inLanguage":"es","@id":"https:\/\/www.hcconnectgrow.com\/es\/#\/schema\/logo\/image\/","url":"https:\/\/www.hcconnectgrow.com\/wp-content\/uploads\/2022\/10\/helen-cummins-living-business-logo.png","contentUrl":"https:\/\/www.hcconnectgrow.com\/wp-content\/uploads\/2022\/10\/helen-cummins-living-business-logo.png","width":508,"height":180,"caption":"hc\/ Connect &amp; Grow"},"image":{"@id":"https:\/\/www.hcconnectgrow.com\/es\/#\/schema\/logo\/image\/"}}]}},"_links":{"self":[{"href":"https:\/\/www.hcconnectgrow.com\/es\/wp-json\/wp\/v2\/pages\/4836"}],"collection":[{"href":"https:\/\/www.hcconnectgrow.com\/es\/wp-json\/wp\/v2\/pages"}],"about":[{"href":"https:\/\/www.hcconnectgrow.com\/es\/wp-json\/wp\/v2\/types\/page"}],"author":[{"embeddable":true,"href":"https:\/\/www.hcconnectgrow.com\/es\/wp-json\/wp\/v2\/users\/1"}],"replies":[{"embeddable":true,"href":"https:\/\/www.hcconnectgrow.com\/es\/wp-json\/wp\/v2\/comments?post=4836"}],"version-history":[{"count":5,"href":"https:\/\/www.hcconnectgrow.com\/es\/wp-json\/wp\/v2\/pages\/4836\/revisions"}],"predecessor-version":[{"id":4944,"href":"https:\/\/www.hcconnectgrow.com\/es\/wp-json\/wp\/v2\/pages\/4836\/revisions\/4944"}],"wp:attachment":[{"href":"https:\/\/www.hcconnectgrow.com\/es\/wp-json\/wp\/v2\/media?parent=4836"}],"curies":[{"name":"wp","href":"https:\/\/api.w.org\/{rel}","templated":true}]}}